{"id":533,"date":"2020-09-16T08:25:09","date_gmt":"2020-09-16T08:25:09","guid":{"rendered":"http:\/\/localhost\/ibjuegos\/about-us\/"},"modified":"2024-02-13T20:47:53","modified_gmt":"2024-02-13T19:47:53","slug":"sobre-nosotros","status":"publish","type":"page","link":"https:\/\/ibjuegos.com\/pt\/sobre-nosotros\/","title":{"rendered":"Quem somos"},"content":{"rendered":"<div class=\"wp-block-uagb-container uagb-block-ad53bf8c alignfull uagb-is-root-container\"><div class=\"uagb-container__shape uagb-container__shape-bottom uagb-container__invert\" data-negative=\"false\"><svg xmlns=\"https:\/\/www.w3.org\/2000\/svg\" viewbox=\"0 0 700 10\" preserveaspectratio=\"none\"><path class=\"uagb-container__shape-fill\" d=\"M350,10L340,0h20L350,10z\"><\/path><\/svg><\/div><div class=\"uagb-container-inner-blocks-wrap\">\n<div class=\"wp-block-uagb-container uagb-block-d6174d55\">\n<div class=\"wp-block-uagb-info-box uagb-block-d151348b uagb-infobox__content-wrap  uagb-infobox-icon-above-title uagb-infobox-image-valign-top\"><div class=\"uagb-ifb-content\"><div class=\"uagb-ifb-title-wrap\"><h1 class=\"uagb-ifb-title\">Quem somos<\/h1><\/div><p class=\"uagb-ifb-desc\">IB Games \u00e9 fornecedora e desenvolvedora de produtos de software empresarial. Oferecemos solu\u00e7\u00f5es de neg\u00f3cios prontas para criar um novo neg\u00f3cio e expandir um j\u00e1 existente<\/p><\/div><\/div>\n<\/div>\n<\/div><\/div>\n\n\n\n<div class=\"wp-block-uagb-container uagb-block-b948ed77 alignfull uagb-is-root-container\"><div class=\"uagb-container-inner-blocks-wrap\">\n<div class=\"wp-block-uagb-container uagb-block-1d730041\">\n<div class=\"wp-block-uagb-info-box uagb-block-c36533e3 uagb-infobox__content-wrap  uagb-infobox-icon-above-title uagb-infobox-image-valign-top\"><div class=\"uagb-ifb-content\"><div class=\"uagb-ifb-title-wrap\"><h6 class=\"uagb-ifb-title\">Somos um parceiro confi\u00e1vel para mais de 5.000 locais individuais em todo o mundo que utilizam nossos sistemas. N\u00f3s o ajudaremos n\u00e3o apenas a ter uma renda est\u00e1vel para iniciar seu pr\u00f3prio neg\u00f3cio, mas tamb\u00e9m a aumentar suas vendas para o seu neg\u00f3cio existente.\u200b<\/h6><\/div><div class=\"uagb-ifb-separator\"><\/div><p class=\"uagb-ifb-desc\">Decida agora experimentar a nova tecnologia que oferecemos e ser parceiros estrat\u00e9gicos. Entre em contato conosco atrav\u00e9s de nossa p\u00e1gina e n\u00fameros de contato.<\/p><\/div><\/div>\n<\/div>\n\n\n\n<div class=\"wp-block-uagb-container uagb-block-fca92140\">\n<div class=\"wp-block-uagb-info-box uagb-block-210a180c uagb-infobox__content-wrap  uagb-infobox-icon-above-title uagb-infobox-image-valign-top\"><div class=\"uagb-ifb-content\"><div class=\"uagb-ifb-title-wrap\"><\/div><\/div><\/div>\n<\/div>\n<\/div><\/div>","protected":false},"excerpt":{"rendered":"","protected":false},"author":1,"featured_media":0,"parent":0,"menu_order":0,"comment_status":"closed","ping_status":"closed","template":"","meta":{"_uag_custom_page_level_css":"","site-sidebar-layout":"no-sidebar","site-content-layout":"plain-container","ast-site-content-layout":"normal-width-container","site-content-style":"unboxed","site-sidebar-style":"unboxed","ast-global-header-display":"","ast-banner-title-visibility":"","ast-main-header-display":"","ast-hfb-above-header-display":"","ast-hfb-below-header-display":"","ast-hfb-mobile-header-display":"","site-post-title":"disabled","ast-breadcrumbs-content":"","ast-featured-img":"disabled","footer-sml-layout":"","theme-transparent-header-meta":"default","adv-header-id-meta":"","stick-header-meta":"","header-above-stick-meta":"","header-main-stick-meta":"","header-below-stick-meta":"","astra-migrate-meta-layouts":"set","ast-page-background-enabled":"default","ast-page-background-meta":{"desktop":{"background-color":"","background-image":"","background-repeat":"repeat","background-position":"center center","background-size":"auto","background-attachment":"scroll","background-type":"","background-media":"","overlay-type":"","overlay-color":"","overlay-gradient":""},"tablet":{"background-color":"","background-image":"","background-repeat":"repeat","background-position":"center center","background-size":"auto","background-attachment":"scroll","background-type":"","background-media":"","overlay-type":"","overlay-color":"","overlay-gradient":""},"mobile":{"background-color":"","background-image":"","background-repeat":"repeat","background-position":"center center","background-size":"auto","background-attachment":"scroll","background-type":"","background-media":"","overlay-type":"","overlay-color":"","overlay-gradient":""}},"ast-content-background-meta":{"desktop":{"background-color":"var(--ast-global-color-5)","background-image":"","background-repeat":"repeat","background-position":"center center","background-size":"auto","background-attachment":"scroll","background-type":"","background-media":"","overlay-type":"","overlay-color":"","overlay-gradient":""},"tablet":{"background-color":"var(--ast-global-color-5)","background-image":"","background-repeat":"repeat","background-position":"center center","background-size":"auto","background-attachment":"scroll","background-type":"","background-media":"","overlay-type":"","overlay-color":"","overlay-gradient":""},"mobile":{"background-color":"var(--ast-global-color-5)","background-image":"","background-repeat":"repeat","background-position":"center center","background-size":"auto","background-attachment":"scroll","background-type":"","background-media":"","overlay-type":"","overlay-color":"","overlay-gradient":""}},"footnotes":""},"class_list":["post-533","page","type-page","status-publish","hentry"],"uagb_featured_image_src":{"full":false,"thumbnail":false,"medium":false,"medium_large":false,"large":false,"1536x1536":false,"2048x2048":false,"trp-custom-language-flag":false},"uagb_author_info":{"display_name":"admin","author_link":"https:\/\/ibjuegos.com\/pt\/author\/admin\/"},"uagb_comment_info":0,"uagb_excerpt":null,"_links":{"self":[{"href":"https:\/\/ibjuegos.com\/pt\/wp-json\/wp\/v2\/pages\/533","targetHints":{"allow":["GET"]}}],"collection":[{"href":"https:\/\/ibjuegos.com\/pt\/wp-json\/wp\/v2\/pages"}],"about":[{"href":"https:\/\/ibjuegos.com\/pt\/wp-json\/wp\/v2\/types\/page"}],"author":[{"embeddable":true,"href":"https:\/\/ibjuegos.com\/pt\/wp-json\/wp\/v2\/users\/1"}],"replies":[{"embeddable":true,"href":"https:\/\/ibjuegos.com\/pt\/wp-json\/wp\/v2\/comments?post=533"}],"version-history":[{"count":14,"href":"https:\/\/ibjuegos.com\/pt\/wp-json\/wp\/v2\/pages\/533\/revisions"}],"predecessor-version":[{"id":1755,"href":"https:\/\/ibjuegos.com\/pt\/wp-json\/wp\/v2\/pages\/533\/revisions\/1755"}],"wp:attachment":[{"href":"https:\/\/ibjuegos.com\/pt\/wp-json\/wp\/v2\/media?parent=533"}],"curies":[{"name":"wp","href":"https:\/\/api.w.org\/{rel}","templated":true}]}}